{"id":917,"date":"2024-05-22T15:58:04","date_gmt":"2024-05-22T12:58:04","guid":{"rendered":"https:\/\/olymoments.com\/uznemejdarbibas-dati\/"},"modified":"2024-11-08T16:44:42","modified_gmt":"2024-11-08T14:44:42","slug":"uznemejdarbibas-dati","status":"publish","type":"page","link":"https:\/\/olymoments.com\/lv\/uznemejdarbibas-dati\/","title":{"rendered":"UZ\u0145\u0112M\u0112JDARB\u012aBAS DATI"},"content":{"rendered":"\t\t<div data-elementor-type=\"wp-page\" data-elementor-id=\"917\" class=\"elementor elementor-917 elementor-43\" data-elementor-post-type=\"page\">\n\t\t\t\t<div data-particle_enable=\"false\" data-particle-mobile-disabled=\"false\" class=\"elementor-element elementor-element-c014c52 e-flex e-con-boxed e-con e-parent\" data-id=\"c014c52\" data-element_type=\"container\" data-e-type=\"container\" data-settings=\"{&quot;background_background&quot;:&quot;classic&quot;}\">\n\t\t\t\t\t<div class=\"e-con-inner\">\n\t\t\t\t<div class=\"elementor-element elementor-element-fb067ea elementor-widget elementor-widget-heading\" data-id=\"fb067ea\" data-element_type=\"widget\" data-e-type=\"widget\" data-widget_type=\"heading.default\">\n\t\t\t\t<div class=\"elementor-widget-container\">\n\t\t\t\t\t<h2 class=\"elementor-heading-title elementor-size-default\">UZ\u0145\u0112M\u0112JDARB\u012aBAS DATI<\/h2>\t\t\t\t<\/div>\n\t\t\t\t<\/div>\n\t\t\t\t<div class=\"elementor-element elementor-element-d7fa686 elementor-widget elementor-widget-text-editor\" data-id=\"d7fa686\" data-element_type=\"widget\" data-e-type=\"widget\" data-widget_type=\"text-editor.default\">\n\t\t\t\t<div class=\"elementor-widget-container\">\n\t\t\t\t\t\t\t\t\t<p><script id=\"CookieDeclaration\" src=\"https:\/\/consent.cookiebot.com\/c068160a-a4c0-41ff-9013-e9a8a8785d43\/cd.js\" type=\"text\/javascript\" async><\/script><\/p>\n\t\t\t\t\t\t\t\t<\/div>\n\t\t\t\t<\/div>\n\t\t\t\t\t<\/div>\n\t\t\t\t<\/div>\n\t\t\t\t<\/div>\n\t\t","protected":false},"excerpt":{"rendered":"<p>UZ\u0145\u0112M\u0112JDARB\u012aBAS DATI<\/p>\n","protected":false},"author":3,"featured_media":0,"parent":0,"menu_order":0,"comment_status":"closed","ping_status":"closed","template":"","meta":{"footnotes":""},"class_list":["post-917","page","type-page","status-publish","hentry"],"_links":{"self":[{"href":"https:\/\/olymoments.com\/lv\/wp-json\/wp\/v2\/pages\/917","targetHints":{"allow":["GET"]}}],"collection":[{"href":"https:\/\/olymoments.com\/lv\/wp-json\/wp\/v2\/pages"}],"about":[{"href":"https:\/\/olymoments.com\/lv\/wp-json\/wp\/v2\/types\/page"}],"author":[{"embeddable":true,"href":"https:\/\/olymoments.com\/lv\/wp-json\/wp\/v2\/users\/3"}],"replies":[{"embeddable":true,"href":"https:\/\/olymoments.com\/lv\/wp-json\/wp\/v2\/comments?post=917"}],"version-history":[{"count":2,"href":"https:\/\/olymoments.com\/lv\/wp-json\/wp\/v2\/pages\/917\/revisions"}],"predecessor-version":[{"id":934,"href":"https:\/\/olymoments.com\/lv\/wp-json\/wp\/v2\/pages\/917\/revisions\/934"}],"wp:attachment":[{"href":"https:\/\/olymoments.com\/lv\/wp-json\/wp\/v2\/media?parent=917"}],"curies":[{"name":"wp","href":"https:\/\/api.w.org\/{rel}","templated":true}]}}